{"id":1167,"date":"2025-10-08T12:10:29","date_gmt":"2025-10-08T12:10:29","guid":{"rendered":"https:\/\/askala.no\/?page_id=1167"},"modified":"2025-10-10T10:27:36","modified_gmt":"2025-10-10T10:27:36","slug":"tipsognyheter","status":"publish","type":"page","link":"https:\/\/askala.no\/index.php\/tipsognyheter\/","title":{"rendered":"Tips og Nyheter"},"content":{"rendered":"\t\t<div data-elementor-type=\"wp-page\" data-elementor-id=\"1167\" class=\"elementor elementor-1167\" data-elementor-post-type=\"page\">\n\t\t\t\t\t\t<section class=\"elementor-section elementor-top-section elementor-element elementor-element-043290f elementor-section-boxed elementor-section-height-default elementor-section-height-default\" data-id=\"043290f\" data-element_type=\"section\">\n\t\t\t\t\t\t<div class=\"elementor-container elementor-column-gap-default\">\n\t\t\t\t\t<div class=\"elementor-column elementor-col-100 elementor-top-column elementor-element elementor-element-e35f97d\" data-id=\"e35f97d\" data-element_type=\"column\">\n\t\t\t<div class=\"elementor-widget-wrap elementor-element-populated\">\n\t\t\t\t\t\t<div class=\"elementor-element elementor-element-60145a1 elementor-widget elementor-widget-heading\" data-id=\"60145a1\" data-element_type=\"widget\" data-widget_type=\"heading.default\">\n\t\t\t\t<div class=\"elementor-widget-container\">\n\t\t\t\t\t<h1 class=\"elementor-heading-title elementor-size-default\">BLOG<\/h1>\t\t\t\t<\/div>\n\t\t\t\t<\/div>\n\t\t\t\t<div class=\"elementor-element elementor-element-6c72572 elementor-grid-3 elementor-grid-tablet-2 elementor-grid-mobile-1 elementor-posts--thumbnail-top elementor-card-shadow-yes elementor-posts__hover-gradient elementor-widget elementor-widget-posts\" data-id=\"6c72572\" data-element_type=\"widget\" data-settings=\"{&quot;cards_columns&quot;:&quot;3&quot;,&quot;cards_columns_tablet&quot;:&quot;2&quot;,&quot;cards_columns_mobile&quot;:&quot;1&quot;,&quot;cards_row_gap&quot;:{&quot;unit&quot;:&quot;px&quot;,&quot;size&quot;:35,&quot;sizes&quot;:[]},&quot;cards_row_gap_tablet&quot;:{&quot;unit&quot;:&quot;px&quot;,&quot;size&quot;:&quot;&quot;,&quot;sizes&quot;:[]},&quot;cards_row_gap_mobile&quot;:{&quot;unit&quot;:&quot;px&quot;,&quot;size&quot;:&quot;&quot;,&quot;sizes&quot;:[]}}\" data-widget_type=\"posts.cards\">\n\t\t\t\t<div class=\"elementor-widget-container\">\n\t\t\t\t\t\t\t<div class=\"elementor-posts-container elementor-posts elementor-posts--skin-cards elementor-grid\" role=\"list\">\n\t\t\t\t<article class=\"elementor-post elementor-grid-item post-1510 post type-post status-publish format-standard has-post-thumbnail hentry category-blog-news category-byggesoknad-regelverk entry has-media\" role=\"listitem\">\n\t\t\t<div class=\"elementor-post__card\">\n\t\t\t\t<a class=\"elementor-post__thumbnail__link\" href=\"https:\/\/askala.no\/index.php\/2026\/04\/15\/dispensasjon-i-byggesak-enkelt-forklart\/\" tabindex=\"-1\" ><div class=\"elementor-post__thumbnail\"><img fetchpriority=\"high\" decoding=\"async\" width=\"768\" height=\"512\" src=\"https:\/\/askala.no\/wp-content\/uploads\/2026\/01\/extension_500kb.jpg\" class=\"attachment-medium_large size-medium_large wp-image-1486\" alt=\"\" \/><\/div><\/a>\n\t\t\t\t<div class=\"elementor-post__text\">\n\t\t\t\t<h3 class=\"elementor-post__title\">\n\t\t\t<a href=\"https:\/\/askala.no\/index.php\/2026\/04\/15\/dispensasjon-i-byggesak-enkelt-forklart\/\" >\n\t\t\t\tDispensasjon i byggesak \u2013 enkelt forklart\t\t\t<\/a>\n\t\t<\/h3>\n\t\t\t\t<div class=\"elementor-post__excerpt\">\n\t\t\t<p>Dispensasjon i byggesak er et unntak fra plan- og bygningslovgivningen. Det er ikke en selvf\u00f8lge, og ikke noe man har krav p\u00e5 \u00e5 f\u00e5. Skal<\/p>\n\t\t<\/div>\n\t\t\n\t\t<a class=\"elementor-post__read-more\" href=\"https:\/\/askala.no\/index.php\/2026\/04\/15\/dispensasjon-i-byggesak-enkelt-forklart\/\" aria-label=\"Read more about Dispensasjon i byggesak \u2013 enkelt forklart\" tabindex=\"-1\" >\n\t\t\tRead More \u00bb\t\t<\/a>\n\n\t\t\t\t<\/div>\n\t\t\t\t<div class=\"elementor-post__meta-data\">\n\t\t\t\t\t<span class=\"elementor-post-date\">\n\t\t\t15 April 2026\t\t<\/span>\n\t\t\t\t<span class=\"elementor-post-avatar\">\n\t\t\tNo Comments\t\t<\/span>\n\t\t\t\t<\/div>\n\t\t\t\t\t<\/div>\n\t\t<\/article>\n\t\t\t\t<article class=\"elementor-post elementor-grid-item post-1489 post type-post status-publish format-standard has-post-thumbnail hentry category-blog-news category-byggesoknad-regelverk entry has-media\" role=\"listitem\">\n\t\t\t<div class=\"elementor-post__card\">\n\t\t\t\t<a class=\"elementor-post__thumbnail__link\" href=\"https:\/\/askala.no\/index.php\/2026\/01\/23\/soknad-om-bruksendring-slik-soker-du-steg-for-steg\/\" tabindex=\"-1\" ><div class=\"elementor-post__thumbnail\"><img fetchpriority=\"high\" decoding=\"async\" width=\"768\" height=\"512\" src=\"https:\/\/askala.no\/wp-content\/uploads\/2026\/01\/extension_500kb.jpg\" class=\"attachment-medium_large size-medium_large wp-image-1486\" alt=\"\" \/><\/div><\/a>\n\t\t\t\t<div class=\"elementor-post__text\">\n\t\t\t\t<h3 class=\"elementor-post__title\">\n\t\t\t<a href=\"https:\/\/askala.no\/index.php\/2026\/01\/23\/soknad-om-bruksendring-slik-soker-du-steg-for-steg\/\" >\n\t\t\t\tS\u00f8knad om bruksendring: Slik s\u00f8ker du (steg for steg).\t\t\t<\/a>\n\t\t<\/h3>\n\t\t\t\t<div class=\"elementor-post__excerpt\">\n\t\t\t<p>S\u00f8knad om bruksendring: Slik s\u00f8ker du (steg for steg) \u00c5 endre et rom fra tilleggsdel til hoveddel (for eksempel \u00e5 gj\u00f8re bod, kjellerstue eller loft<\/p>\n\t\t<\/div>\n\t\t\n\t\t<a class=\"elementor-post__read-more\" href=\"https:\/\/askala.no\/index.php\/2026\/01\/23\/soknad-om-bruksendring-slik-soker-du-steg-for-steg\/\" aria-label=\"Read more about S\u00f8knad om bruksendring: Slik s\u00f8ker du (steg for steg).\" tabindex=\"-1\" >\n\t\t\tRead More \u00bb\t\t<\/a>\n\n\t\t\t\t<\/div>\n\t\t\t\t<div class=\"elementor-post__meta-data\">\n\t\t\t\t\t<span class=\"elementor-post-date\">\n\t\t\t23 January 2026\t\t<\/span>\n\t\t\t\t<span class=\"elementor-post-avatar\">\n\t\t\tNo Comments\t\t<\/span>\n\t\t\t\t<\/div>\n\t\t\t\t\t<\/div>\n\t\t<\/article>\n\t\t\t\t<article class=\"elementor-post elementor-grid-item post-1418 post type-post status-publish format-standard has-post-thumbnail hentry category-blog-news category-byggesoknad-regelverk entry has-media\" role=\"listitem\">\n\t\t\t<div class=\"elementor-post__card\">\n\t\t\t\t<a class=\"elementor-post__thumbnail__link\" href=\"https:\/\/askala.no\/index.php\/2026\/01\/04\/tilbygg-7-ting-som-du-ma-avklare-for-du-setter-i-gang-askala-arkitektur-as\/\" tabindex=\"-1\" ><div class=\"elementor-post__thumbnail\"><img fetchpriority=\"high\" decoding=\"async\" width=\"768\" height=\"512\" src=\"https:\/\/askala.no\/wp-content\/uploads\/2026\/01\/extension_500kb.jpg\" class=\"attachment-medium_large size-medium_large wp-image-1486\" alt=\"\" \/><\/div><\/a>\n\t\t\t\t<div class=\"elementor-post__text\">\n\t\t\t\t<h3 class=\"elementor-post__title\">\n\t\t\t<a href=\"https:\/\/askala.no\/index.php\/2026\/01\/04\/tilbygg-7-ting-som-du-ma-avklare-for-du-setter-i-gang-askala-arkitektur-as\/\" >\n\t\t\t\tTilbygg: 7 ting som du m\u00e5 avklare f\u00f8r du setter i gang | ASKALA ARKITEKTUR AS\t\t\t<\/a>\n\t\t<\/h3>\n\t\t\t\t<div class=\"elementor-post__excerpt\">\n\t\t\t<p>Tilbygg? Dette b\u00f8r du avklare f\u00f8r du planlegger \u2013 og f\u00f8r du kj\u00f8per materialer.\u00a0 Det er lett \u00e5 bli ivrig: du ser for deg st\u00f8rre<\/p>\n\t\t<\/div>\n\t\t\n\t\t<a class=\"elementor-post__read-more\" href=\"https:\/\/askala.no\/index.php\/2026\/01\/04\/tilbygg-7-ting-som-du-ma-avklare-for-du-setter-i-gang-askala-arkitektur-as\/\" aria-label=\"Read more about Tilbygg: 7 ting som du m\u00e5 avklare f\u00f8r du setter i gang | ASKALA ARKITEKTUR AS\" tabindex=\"-1\" >\n\t\t\tRead More \u00bb\t\t<\/a>\n\n\t\t\t\t<\/div>\n\t\t\t\t<div class=\"elementor-post__meta-data\">\n\t\t\t\t\t<span class=\"elementor-post-date\">\n\t\t\t4 January 2026\t\t<\/span>\n\t\t\t\t<span class=\"elementor-post-avatar\">\n\t\t\tNo Comments\t\t<\/span>\n\t\t\t\t<\/div>\n\t\t\t\t\t<\/div>\n\t\t<\/article>\n\t\t\t\t<article class=\"elementor-post elementor-grid-item post-1405 post type-post status-publish format-standard has-post-thumbnail hentry category-blog-news category-byggesoknad-regelverk entry has-media\" role=\"listitem\">\n\t\t\t<div class=\"elementor-post__card\">\n\t\t\t\t<a class=\"elementor-post__thumbnail__link\" href=\"https:\/\/askala.no\/index.php\/2025\/10\/16\/ansvarlig-soker-pbl-byggesoknad\/\" tabindex=\"-1\" ><div class=\"elementor-post__thumbnail\"><img decoding=\"async\" width=\"647\" height=\"523\" src=\"https:\/\/askala.no\/wp-content\/uploads\/2025\/10\/SAK-10.jpg\" class=\"attachment-medium_large size-medium_large wp-image-1407\" alt=\"\" \/><\/div><\/a>\n\t\t\t\t<div class=\"elementor-post__text\">\n\t\t\t\t<h3 class=\"elementor-post__title\">\n\t\t\t<a href=\"https:\/\/askala.no\/index.php\/2025\/10\/16\/ansvarlig-soker-pbl-byggesoknad\/\" >\n\t\t\t\tHva er ansvarlig s\u00f8ker \u2013 og hvorfor kreves det? | ASKALA ARKITEKTUR AS\t\t\t<\/a>\n\t\t<\/h3>\n\t\t\t\t<div class=\"elementor-post__excerpt\">\n\t\t\t<p>Ansvarlig s\u00f8ker (S\u00d8K): Hva det er \u2013 og hvorfor kommunen krever det? I mange kommuner, blant annet i Asker, stilles det krav om ansvarlig s\u00f8ker<\/p>\n\t\t<\/div>\n\t\t\n\t\t<a class=\"elementor-post__read-more\" href=\"https:\/\/askala.no\/index.php\/2025\/10\/16\/ansvarlig-soker-pbl-byggesoknad\/\" aria-label=\"Read more about Hva er ansvarlig s\u00f8ker \u2013 og hvorfor kreves det? | ASKALA ARKITEKTUR AS\" tabindex=\"-1\" >\n\t\t\tRead More \u00bb\t\t<\/a>\n\n\t\t\t\t<\/div>\n\t\t\t\t<div class=\"elementor-post__meta-data\">\n\t\t\t\t\t<span class=\"elementor-post-date\">\n\t\t\t16 October 2025\t\t<\/span>\n\t\t\t\t<span class=\"elementor-post-avatar\">\n\t\t\tNo Comments\t\t<\/span>\n\t\t\t\t<\/div>\n\t\t\t\t\t<\/div>\n\t\t<\/article>\n\t\t\t\t<article class=\"elementor-post elementor-grid-item post-1363 post type-post status-publish format-standard has-post-thumbnail hentry category-blog-news category-inspirasjon_til_byggeprosjekt entry has-media\" role=\"listitem\">\n\t\t\t<div class=\"elementor-post__card\">\n\t\t\t\t<a class=\"elementor-post__thumbnail__link\" href=\"https:\/\/askala.no\/index.php\/2025\/10\/16\/inspirasjon-byggeprosjekt-2\/\" tabindex=\"-1\" ><div class=\"elementor-post__thumbnail\"><img decoding=\"async\" width=\"768\" height=\"479\" src=\"https:\/\/askala.no\/wp-content\/uploads\/2025\/10\/logo-blue-full.png\" class=\"attachment-medium_large size-medium_large wp-image-1353\" alt=\"\" \/><\/div><\/a>\n\t\t\t\t<div class=\"elementor-post__text\">\n\t\t\t\t<h3 class=\"elementor-post__title\">\n\t\t\t<a href=\"https:\/\/askala.no\/index.php\/2025\/10\/16\/inspirasjon-byggeprosjekt-2\/\" >\n\t\t\t\tHvor finner jeg inspirasjon til mitt neste byggeprosjekt? | ASKALA ARKITEKTUR AS\t\t\t<\/a>\n\t\t<\/h3>\n\t\t\t\t<div class=\"elementor-post__excerpt\">\n\t\t\t<p>Hvor finner du inspirasjon til ditt neste byggeprosjekt? Lurer du p\u00e5 hvor du kan hente inspirasjon til ditt prosjekt?Hva betyr egentlig \u201cmoderne hus\u201d &#8211; og<\/p>\n\t\t<\/div>\n\t\t\n\t\t<a class=\"elementor-post__read-more\" href=\"https:\/\/askala.no\/index.php\/2025\/10\/16\/inspirasjon-byggeprosjekt-2\/\" aria-label=\"Read more about Hvor finner jeg inspirasjon til mitt neste byggeprosjekt? | ASKALA ARKITEKTUR AS\" tabindex=\"-1\" >\n\t\t\tRead More \u00bb\t\t<\/a>\n\n\t\t\t\t<\/div>\n\t\t\t\t<div class=\"elementor-post__meta-data\">\n\t\t\t\t\t<span class=\"elementor-post-date\">\n\t\t\t16 October 2025\t\t<\/span>\n\t\t\t\t<span class=\"elementor-post-avatar\">\n\t\t\tNo Comments\t\t<\/span>\n\t\t\t\t<\/div>\n\t\t\t\t\t<\/div>\n\t\t<\/article>\n\t\t\t\t<article class=\"elementor-post elementor-grid-item post-1364 post type-post status-publish format-standard has-post-thumbnail hentry category-blog-news category-byggesoknad-regelverk entry has-media\" role=\"listitem\">\n\t\t\t<div class=\"elementor-post__card\">\n\t\t\t\t<a class=\"elementor-post__thumbnail__link\" href=\"https:\/\/askala.no\/index.php\/2025\/10\/14\/grad-av-utnytting-bya\/\" tabindex=\"-1\" ><div class=\"elementor-post__thumbnail\"><img loading=\"lazy\" decoding=\"async\" width=\"768\" height=\"443\" src=\"https:\/\/askala.no\/wp-content\/uploads\/2025\/10\/grad-av-utnytting.jpg\" class=\"attachment-medium_large size-medium_large wp-image-1374\" alt=\"\" \/><\/div><\/a>\n\t\t\t\t<div class=\"elementor-post__text\">\n\t\t\t\t<h3 class=\"elementor-post__title\">\n\t\t\t<a href=\"https:\/\/askala.no\/index.php\/2025\/10\/14\/grad-av-utnytting-bya\/\" >\n\t\t\t\tHva er BYA? Slik beregnes utnyttelsesgrad | ASKALA ARKITEKTUR AS\t\t\t<\/a>\n\t\t<\/h3>\n\t\t\t\t<div class=\"elementor-post__excerpt\">\n\t\t\t<p>Hva er grad av utnytting? Alle tomter i en kommune har et bestemt form\u00e5l \u2013 dette er fastsatt i kommuneplanen, og eventuelt i reguleringsplanen dersom<\/p>\n\t\t<\/div>\n\t\t\n\t\t<a class=\"elementor-post__read-more\" href=\"https:\/\/askala.no\/index.php\/2025\/10\/14\/grad-av-utnytting-bya\/\" aria-label=\"Read more about Hva er BYA? Slik beregnes utnyttelsesgrad | ASKALA ARKITEKTUR AS\" tabindex=\"-1\" >\n\t\t\tRead More \u00bb\t\t<\/a>\n\n\t\t\t\t<\/div>\n\t\t\t\t<div class=\"elementor-post__meta-data\">\n\t\t\t\t\t<span class=\"elementor-post-date\">\n\t\t\t14 October 2025\t\t<\/span>\n\t\t\t\t<span class=\"elementor-post-avatar\">\n\t\t\tNo Comments\t\t<\/span>\n\t\t\t\t<\/div>\n\t\t\t\t\t<\/div>\n\t\t<\/article>\n\t\t\t\t<\/div>\n\t\t\n\t\t\t\t\t\t<\/div>\n\t\t\t\t<\/div>\n\t\t\t\t\t<\/div>\n\t\t<\/div>\n\t\t\t\t\t<\/div>\n\t\t<\/section>\n\t\t\t\t<\/div>\n\t\t","protected":false},"excerpt":{"rendered":"<p>BLOG<\/p>\n","protected":false},"author":4,"featured_media":1181,"parent":0,"menu_order":0,"comment_status":"closed","ping_status":"closed","template":"","meta":{"ocean_post_layout":"","ocean_both_sidebars_style":"","ocean_both_sidebars_content_width":0,"ocean_both_sidebars_sidebars_width":0,"ocean_sidebar":"","ocean_second_sidebar":"","ocean_disable_margins":"enable","ocean_add_body_class":"","ocean_shortcode_before_top_bar":"","ocean_shortcode_after_top_bar":"","ocean_shortcode_before_header":"","ocean_shortcode_after_header":"","ocean_has_shortcode":"","ocean_shortcode_after_title":"","ocean_shortcode_before_footer_widgets":"","ocean_shortcode_after_footer_widgets":"","ocean_shortcode_before_footer_bottom":"","ocean_shortcode_after_footer_bottom":"","ocean_display_top_bar":"default","ocean_display_header":"default","ocean_header_style":"","ocean_center_header_left_menu":"","ocean_custom_header_template":"","ocean_custom_logo":0,"ocean_custom_retina_logo":0,"ocean_custom_logo_max_width":0,"ocean_custom_logo_tablet_max_width":0,"ocean_custom_logo_mobile_max_width":0,"ocean_custom_logo_max_height":0,"ocean_custom_logo_tablet_max_height":0,"ocean_custom_logo_mobile_max_height":0,"ocean_header_custom_menu":"","ocean_menu_typo_font_family":"","ocean_menu_typo_font_subset":"","ocean_menu_typo_font_size":0,"ocean_menu_typo_font_size_tablet":0,"ocean_menu_typo_font_size_mobile":0,"ocean_menu_typo_font_size_unit":"px","ocean_menu_typo_font_weight":"","ocean_menu_typo_font_weight_tablet":"","ocean_menu_typo_font_weight_mobile":"","ocean_menu_typo_transform":"","ocean_menu_typo_transform_tablet":"","ocean_menu_typo_transform_mobile":"","ocean_menu_typo_line_height":0,"ocean_menu_typo_line_height_tablet":0,"ocean_menu_typo_line_height_mobile":0,"ocean_menu_typo_line_height_unit":"","ocean_menu_typo_spacing":0,"ocean_menu_typo_spacing_tablet":0,"ocean_menu_typo_spacing_mobile":0,"ocean_menu_typo_spacing_unit":"","ocean_menu_link_color":"","ocean_menu_link_color_hover":"","ocean_menu_link_color_active":"","ocean_menu_link_background":"","ocean_menu_link_hover_background":"","ocean_menu_link_active_background":"","ocean_menu_social_links_bg":"","ocean_menu_social_hover_links_bg":"","ocean_menu_social_links_color":"","ocean_menu_social_hover_links_color":"","ocean_disable_title":"default","ocean_disable_heading":"default","ocean_post_title":"","ocean_post_subheading":"","ocean_post_title_style":"","ocean_post_title_background_color":"","ocean_post_title_background":0,"ocean_post_title_bg_image_position":"","ocean_post_title_bg_image_attachment":"","ocean_post_title_bg_image_repeat":"","ocean_post_title_bg_image_size":"","ocean_post_title_height":0,"ocean_post_title_bg_overlay":0.5,"ocean_post_title_bg_overlay_color":"","ocean_disable_breadcrumbs":"default","ocean_breadcrumbs_color":"","ocean_breadcrumbs_separator_color":"","ocean_breadcrumbs_links_color":"","ocean_breadcrumbs_links_hover_color":"","ocean_display_footer_widgets":"default","ocean_display_footer_bottom":"default","ocean_custom_footer_template":"","footnotes":""},"class_list":["post-1167","page","type-page","status-publish","has-post-thumbnail","hentry","entry","has-media"],"yoast_head":"<!-- This site is optimized with the Yoast SEO plugin v26.1.1 - https:\/\/yoast.com\/wordpress\/plugins\/seo\/ -->\n<title>Tips og Nyheter | Askala Arkitektur AS<\/title>\n<meta name=\"robots\" content=\"index, follow, max-snippet:-1, max-image-preview:large, max-video-preview:-1\" \/>\n<link rel=\"canonical\" href=\"https:\/\/askala.no\/index.php\/tipsognyheter\/\" \/>\n<meta property=\"og:locale\" content=\"en_US\" \/>\n<meta property=\"og:type\" content=\"article\" \/>\n<meta property=\"og:title\" content=\"Tips og Nyheter | Askala Arkitektur AS\" \/>\n<meta property=\"og:description\" content=\"BLOG\" \/>\n<meta property=\"og:url\" content=\"https:\/\/askala.no\/index.php\/tipsognyheter\/\" \/>\n<meta property=\"og:site_name\" content=\"Askala Arkitektur AS\" \/>\n<meta property=\"article:modified_time\" content=\"2025-10-10T10:27:36+00:00\" \/>\n<meta property=\"og:image\" content=\"https:\/\/askala.no\/wp-content\/uploads\/2025\/10\/a-clean-minimalist-website-background-fo_xpHG0GHySZWvq2IUfAgZWw_0_mzuem4SbqgbIYvX4QV2A.png\" \/>\n\t<meta property=\"og:image:width\" content=\"1312\" \/>\n\t<meta property=\"og:image:height\" content=\"736\" \/>\n\t<meta property=\"og:image:type\" content=\"image\/png\" \/>\n<meta name=\"twitter:card\" content=\"summary_large_image\" \/>\n<script type=\"application\/ld+json\" class=\"yoast-schema-graph\">{\"@context\":\"https:\/\/schema.org\",\"@graph\":[{\"@type\":\"WebPage\",\"@id\":\"https:\/\/askala.no\/index.php\/tipsognyheter\/\",\"url\":\"https:\/\/askala.no\/index.php\/tipsognyheter\/\",\"name\":\"Tips og Nyheter | Askala Arkitektur AS\",\"isPartOf\":{\"@id\":\"https:\/\/askala.no\/#website\"},\"primaryImageOfPage\":{\"@id\":\"https:\/\/askala.no\/index.php\/tipsognyheter\/#primaryimage\"},\"image\":{\"@id\":\"https:\/\/askala.no\/index.php\/tipsognyheter\/#primaryimage\"},\"thumbnailUrl\":\"https:\/\/askala.no\/wp-content\/uploads\/2025\/10\/a-clean-minimalist-website-background-fo_xpHG0GHySZWvq2IUfAgZWw_0_mzuem4SbqgbIYvX4QV2A.png\",\"datePublished\":\"2025-10-08T12:10:29+00:00\",\"dateModified\":\"2025-10-10T10:27:36+00:00\",\"breadcrumb\":{\"@id\":\"https:\/\/askala.no\/index.php\/tipsognyheter\/#breadcrumb\"},\"inLanguage\":\"en-US\",\"potentialAction\":[{\"@type\":\"ReadAction\",\"target\":[\"https:\/\/askala.no\/index.php\/tipsognyheter\/\"]}]},{\"@type\":\"ImageObject\",\"inLanguage\":\"en-US\",\"@id\":\"https:\/\/askala.no\/index.php\/tipsognyheter\/#primaryimage\",\"url\":\"https:\/\/askala.no\/wp-content\/uploads\/2025\/10\/a-clean-minimalist-website-background-fo_xpHG0GHySZWvq2IUfAgZWw_0_mzuem4SbqgbIYvX4QV2A.png\",\"contentUrl\":\"https:\/\/askala.no\/wp-content\/uploads\/2025\/10\/a-clean-minimalist-website-background-fo_xpHG0GHySZWvq2IUfAgZWw_0_mzuem4SbqgbIYvX4QV2A.png\",\"width\":1312,\"height\":736},{\"@type\":\"BreadcrumbList\",\"@id\":\"https:\/\/askala.no\/index.php\/tipsognyheter\/#breadcrumb\",\"itemListElement\":[{\"@type\":\"ListItem\",\"position\":1,\"name\":\"Home\",\"item\":\"https:\/\/askala.no\/\"},{\"@type\":\"ListItem\",\"position\":2,\"name\":\"Tips og Nyheter\"}]},{\"@type\":\"WebSite\",\"@id\":\"https:\/\/askala.no\/#website\",\"url\":\"https:\/\/askala.no\/\",\"name\":\"Askala Arkitektur AS\",\"description\":\"Arkitekt\",\"publisher\":{\"@id\":\"https:\/\/askala.no\/#organization\"},\"potentialAction\":[{\"@type\":\"SearchAction\",\"target\":{\"@type\":\"EntryPoint\",\"urlTemplate\":\"https:\/\/askala.no\/?s={search_term_string}\"},\"query-input\":{\"@type\":\"PropertyValueSpecification\",\"valueRequired\":true,\"valueName\":\"search_term_string\"}}],\"inLanguage\":\"en-US\"},{\"@type\":\"Organization\",\"@id\":\"https:\/\/askala.no\/#organization\",\"name\":\"Askala Arkitektur AS\",\"url\":\"https:\/\/askala.no\/\",\"logo\":{\"@type\":\"ImageObject\",\"inLanguage\":\"en-US\",\"@id\":\"https:\/\/askala.no\/#\/schema\/logo\/image\/\",\"url\":\"\",\"contentUrl\":\"\",\"caption\":\"Askala Arkitektur AS\"},\"image\":{\"@id\":\"https:\/\/askala.no\/#\/schema\/logo\/image\/\"}}]}<\/script>\n<!-- \/ Yoast SEO plugin. -->","yoast_head_json":{"title":"Tips og Nyheter | Askala Arkitektur AS","robots":{"index":"index","follow":"follow","max-snippet":"max-snippet:-1","max-image-preview":"max-image-preview:large","max-video-preview":"max-video-preview:-1"},"canonical":"https:\/\/askala.no\/index.php\/tipsognyheter\/","og_locale":"en_US","og_type":"article","og_title":"Tips og Nyheter | Askala Arkitektur AS","og_description":"BLOG","og_url":"https:\/\/askala.no\/index.php\/tipsognyheter\/","og_site_name":"Askala Arkitektur AS","article_modified_time":"2025-10-10T10:27:36+00:00","og_image":[{"width":1312,"height":736,"url":"https:\/\/askala.no\/wp-content\/uploads\/2025\/10\/a-clean-minimalist-website-background-fo_xpHG0GHySZWvq2IUfAgZWw_0_mzuem4SbqgbIYvX4QV2A.png","type":"image\/png"}],"twitter_card":"summary_large_image","schema":{"@context":"https:\/\/schema.org","@graph":[{"@type":"WebPage","@id":"https:\/\/askala.no\/index.php\/tipsognyheter\/","url":"https:\/\/askala.no\/index.php\/tipsognyheter\/","name":"Tips og Nyheter | Askala Arkitektur AS","isPartOf":{"@id":"https:\/\/askala.no\/#website"},"primaryImageOfPage":{"@id":"https:\/\/askala.no\/index.php\/tipsognyheter\/#primaryimage"},"image":{"@id":"https:\/\/askala.no\/index.php\/tipsognyheter\/#primaryimage"},"thumbnailUrl":"https:\/\/askala.no\/wp-content\/uploads\/2025\/10\/a-clean-minimalist-website-background-fo_xpHG0GHySZWvq2IUfAgZWw_0_mzuem4SbqgbIYvX4QV2A.png","datePublished":"2025-10-08T12:10:29+00:00","dateModified":"2025-10-10T10:27:36+00:00","breadcrumb":{"@id":"https:\/\/askala.no\/index.php\/tipsognyheter\/#breadcrumb"},"inLanguage":"en-US","potentialAction":[{"@type":"ReadAction","target":["https:\/\/askala.no\/index.php\/tipsognyheter\/"]}]},{"@type":"ImageObject","inLanguage":"en-US","@id":"https:\/\/askala.no\/index.php\/tipsognyheter\/#primaryimage","url":"https:\/\/askala.no\/wp-content\/uploads\/2025\/10\/a-clean-minimalist-website-background-fo_xpHG0GHySZWvq2IUfAgZWw_0_mzuem4SbqgbIYvX4QV2A.png","contentUrl":"https:\/\/askala.no\/wp-content\/uploads\/2025\/10\/a-clean-minimalist-website-background-fo_xpHG0GHySZWvq2IUfAgZWw_0_mzuem4SbqgbIYvX4QV2A.png","width":1312,"height":736},{"@type":"BreadcrumbList","@id":"https:\/\/askala.no\/index.php\/tipsognyheter\/#breadcrumb","itemListElement":[{"@type":"ListItem","position":1,"name":"Home","item":"https:\/\/askala.no\/"},{"@type":"ListItem","position":2,"name":"Tips og Nyheter"}]},{"@type":"WebSite","@id":"https:\/\/askala.no\/#website","url":"https:\/\/askala.no\/","name":"Askala Arkitektur AS","description":"Arkitekt","publisher":{"@id":"https:\/\/askala.no\/#organization"},"potentialAction":[{"@type":"SearchAction","target":{"@type":"EntryPoint","urlTemplate":"https:\/\/askala.no\/?s={search_term_string}"},"query-input":{"@type":"PropertyValueSpecification","valueRequired":true,"valueName":"search_term_string"}}],"inLanguage":"en-US"},{"@type":"Organization","@id":"https:\/\/askala.no\/#organization","name":"Askala Arkitektur AS","url":"https:\/\/askala.no\/","logo":{"@type":"ImageObject","inLanguage":"en-US","@id":"https:\/\/askala.no\/#\/schema\/logo\/image\/","url":"","contentUrl":"","caption":"Askala Arkitektur AS"},"image":{"@id":"https:\/\/askala.no\/#\/schema\/logo\/image\/"}}]}},"_links":{"self":[{"href":"https:\/\/askala.no\/index.php\/wp-json\/wp\/v2\/pages\/1167","targetHints":{"allow":["GET"]}}],"collection":[{"href":"https:\/\/askala.no\/index.php\/wp-json\/wp\/v2\/pages"}],"about":[{"href":"https:\/\/askala.no\/index.php\/wp-json\/wp\/v2\/types\/page"}],"author":[{"embeddable":true,"href":"https:\/\/askala.no\/index.php\/wp-json\/wp\/v2\/users\/4"}],"replies":[{"embeddable":true,"href":"https:\/\/askala.no\/index.php\/wp-json\/wp\/v2\/comments?post=1167"}],"version-history":[{"count":14,"href":"https:\/\/askala.no\/index.php\/wp-json\/wp\/v2\/pages\/1167\/revisions"}],"predecessor-version":[{"id":1264,"href":"https:\/\/askala.no\/index.php\/wp-json\/wp\/v2\/pages\/1167\/revisions\/1264"}],"wp:featuredmedia":[{"embeddable":true,"href":"https:\/\/askala.no\/index.php\/wp-json\/wp\/v2\/media\/1181"}],"wp:attachment":[{"href":"https:\/\/askala.no\/index.php\/wp-json\/wp\/v2\/media?parent=1167"}],"curies":[{"name":"wp","href":"https:\/\/api.w.org\/{rel}","templated":true}]}}