{"id":596,"date":"2021-03-18T14:35:59","date_gmt":"2021-03-18T14:35:59","guid":{"rendered":"https:\/\/askala.no\/?page_id=596"},"modified":"2025-10-10T12:26:15","modified_gmt":"2025-10-10T12:26:15","slug":"om","status":"publish","type":"page","link":"https:\/\/askala.no\/index.php\/om\/","title":{"rendered":"Om"},"content":{"rendered":"\t\t<div data-elementor-type=\"wp-page\" data-elementor-id=\"596\" class=\"elementor elementor-596\" data-elementor-post-type=\"page\">\n\t\t\t\t\t\t<section class=\"elementor-section elementor-top-section elementor-element elementor-element-856b04b elementor-section-boxed elementor-section-height-default elementor-section-height-default\" data-id=\"856b04b\" data-element_type=\"section\">\n\t\t\t\t\t\t<div class=\"elementor-container elementor-column-gap-default\">\n\t\t\t\t\t<div class=\"elementor-column elementor-col-100 elementor-top-column elementor-element elementor-element-d9c77d2\" data-id=\"d9c77d2\" data-element_type=\"column\">\n\t\t\t<div class=\"elementor-widget-wrap elementor-element-populated\">\n\t\t\t\t\t\t<div class=\"elementor-element elementor-element-25da4b1 elementor-widget elementor-widget-heading\" data-id=\"25da4b1\" data-element_type=\"widget\" data-widget_type=\"heading.default\">\n\t\t\t\t<div class=\"elementor-widget-container\">\n\t\t\t\t\t<h2 class=\"elementor-heading-title elementor-size-default\">Om AKALA ARKITEKTUR AS<\/h2>\t\t\t\t<\/div>\n\t\t\t\t<\/div>\n\t\t\t\t\t<\/div>\n\t\t<\/div>\n\t\t\t\t\t<\/div>\n\t\t<\/section>\n\t\t\t\t<section class=\"elementor-section elementor-top-section elementor-element elementor-element-1120362 elementor-section-boxed elementor-section-height-default elementor-section-height-default\" data-id=\"1120362\" data-element_type=\"section\">\n\t\t\t\t\t\t<div class=\"elementor-container elementor-column-gap-default\">\n\t\t\t\t\t<div class=\"elementor-column elementor-col-50 elementor-top-column elementor-element elementor-element-62511ab\" data-id=\"62511ab\" data-element_type=\"column\">\n\t\t\t<div class=\"elementor-widget-wrap elementor-element-populated\">\n\t\t\t\t\t\t<div class=\"elementor-element elementor-element-b5d9e60 elementor-widget elementor-widget-image\" data-id=\"b5d9e60\" data-element_type=\"widget\" data-widget_type=\"image.default\">\n\t\t\t\t<div class=\"elementor-widget-container\">\n\t\t\t\t\t\t\t\t\t\t\t\t\t\t\t<img decoding=\"async\" width=\"100\" height=\"150\" src=\"https:\/\/askala.no\/wp-content\/uploads\/2025\/10\/JD-bilde-rundt.png\" class=\"attachment-thumbnail size-thumbnail wp-image-1280\" alt=\"\" \/>\t\t\t\t\t\t\t\t\t\t\t\t\t\t\t<\/div>\n\t\t\t\t<\/div>\n\t\t\t\t\t<\/div>\n\t\t<\/div>\n\t\t\t\t<div class=\"elementor-column elementor-col-50 elementor-top-column elementor-element elementor-element-45e4147\" data-id=\"45e4147\" data-element_type=\"column\">\n\t\t\t<div class=\"elementor-widget-wrap elementor-element-populated\">\n\t\t\t\t\t\t<div class=\"elementor-element elementor-element-acb2850 elementor-widget elementor-widget-text-editor\" data-id=\"acb2850\" data-element_type=\"widget\" data-widget_type=\"text-editor.default\">\n\t\t\t\t<div class=\"elementor-widget-container\">\n\t\t\t\t\t\t\t\t\t<p>ASKALA ARKITEKTUR AS ble etablert i 2019 av Joanna Domagalska, som ogs\u00e5 er daglig leder og arkitekt med en ekte lidenskap for \u00e5 skape gode rom \u00e5 bo, arbeide og leve i. Minimalisme, b\u00e6rekraft og kvalitet som varer er grunnleggende verdier i v\u00e5rt arbeid.<\/p><p>Hvert prosjekt I ASKALA ARKITEKTUR AS utvikles i tett dialog med oppdragsgiver, og forankres i kundens behov, \u00f8nsker og visjoner. Sammen med de formelle forutsetningene danner dette rammene for arbeidet. Med fokus p\u00e5 design og helhet s\u00f8ker vi alltid l\u00f8sninger som kombinerer funksjonalitet og estetikk, og som resulterer i moderne, tidl\u00f8s arkitektur som st\u00e5r seg over tid.<\/p>\t\t\t\t\t\t\t\t<\/div>\n\t\t\t\t<\/div>\n\t\t\t\t\t<\/div>\n\t\t<\/div>\n\t\t\t\t\t<\/div>\n\t\t<\/section>\n\t\t\t\t<section class=\"elementor-section elementor-top-section elementor-element elementor-element-6d384c0 elementor-section-boxed elementor-section-height-default elementor-section-height-default\" data-id=\"6d384c0\" data-element_type=\"section\">\n\t\t\t\t\t\t<div class=\"elementor-container elementor-column-gap-default\">\n\t\t\t\t\t<div class=\"elementor-column elementor-col-50 elementor-top-column elementor-element elementor-element-385490b\" data-id=\"385490b\" data-element_type=\"column\">\n\t\t\t<div class=\"elementor-widget-wrap elementor-element-populated\">\n\t\t\t\t\t\t<div class=\"elementor-element elementor-element-2689815 elementor-widget elementor-widget-icon-box\" data-id=\"2689815\" data-element_type=\"widget\" data-widget_type=\"icon-box.default\">\n\t\t\t\t<div class=\"elementor-widget-container\">\n\t\t\t\t\t\t\t<div class=\"elementor-icon-box-wrapper\">\n\n\t\t\t\n\t\t\t\t\t\t<div class=\"elementor-icon-box-content\">\n\n\t\t\t\t\t\t\t\t\t<h3 class=\"elementor-icon-box-title\">\n\t\t\t\t\t\t<span  >\n\t\t\t\t\t\t\tKONTAKT TIL ASKALA\t\t\t\t\t\t<\/span>\n\t\t\t\t\t<\/h3>\n\t\t\t\t\n\t\t\t\t\t\t\t\t\t<p class=\"elementor-icon-box-description\">\n\t\t\t\t\t\tDu kan gjerne skrive en e-post til oss: post@askala.no, ringe tlf. 46 56 56 40 eller sende en melding:\t\t\t\t\t<\/p>\n\t\t\t\t\n\t\t\t<\/div>\n\t\t\t\n\t\t<\/div>\n\t\t\t\t\t\t<\/div>\n\t\t\t\t<\/div>\n\t\t\t\t<div class=\"elementor-element elementor-element-6be4dae elementor-button-align-stretch elementor-widget elementor-widget-form\" data-id=\"6be4dae\" data-element_type=\"widget\" data-settings=\"{&quot;step_next_label&quot;:&quot;Next&quot;,&quot;step_previous_label&quot;:&quot;Previous&quot;,&quot;button_width&quot;:&quot;100&quot;,&quot;step_type&quot;:&quot;number_text&quot;,&quot;step_icon_shape&quot;:&quot;circle&quot;}\" data-widget_type=\"form.default\">\n\t\t\t\t<div class=\"elementor-widget-container\">\n\t\t\t\t\t\t\t<form class=\"elementor-form\" method=\"post\" name=\"New Form\" aria-label=\"New Form\">\n\t\t\t<input type=\"hidden\" name=\"post_id\" value=\"596\"\/>\n\t\t\t<input type=\"hidden\" name=\"form_id\" value=\"6be4dae\"\/>\n\t\t\t<input type=\"hidden\" name=\"referer_title\" value=\"Om | Askala Arkitektur AS\" \/>\n\n\t\t\t\t\t\t\t<input type=\"hidden\" name=\"queried_id\" value=\"596\"\/>\n\t\t\t\n\t\t\t<div class=\"elementor-form-fields-wrapper elementor-labels-above\">\n\t\t\t\t\t\t\t\t<div class=\"elementor-field-type-text elementor-field-group elementor-column elementor-field-group-name elementor-col-100\">\n\t\t\t\t\t\t\t\t\t\t\t\t<label for=\"form-field-name\" class=\"elementor-field-label\">\n\t\t\t\t\t\t\t\tNavn\t\t\t\t\t\t\t<\/label>\n\t\t\t\t\t\t\t\t\t\t\t\t\t\t<input size=\"1\" type=\"text\" name=\"form_fields[name]\" id=\"form-field-name\" class=\"elementor-field elementor-size-sm  elementor-field-textual\" placeholder=\"Navn\">\n\t\t\t\t\t\t\t\t\t\t\t<\/div>\n\t\t\t\t\t\t\t\t<div class=\"elementor-field-type-email elementor-field-group elementor-column elementor-field-group-email elementor-col-100 elementor-field-required\">\n\t\t\t\t\t\t\t\t\t\t\t\t<label for=\"form-field-email\" class=\"elementor-field-label\">\n\t\t\t\t\t\t\t\tE-post\t\t\t\t\t\t\t<\/label>\n\t\t\t\t\t\t\t\t\t\t\t\t\t\t<input size=\"1\" type=\"email\" name=\"form_fields[email]\" id=\"form-field-email\" class=\"elementor-field elementor-size-sm  elementor-field-textual\" placeholder=\"E-post\" required=\"required\">\n\t\t\t\t\t\t\t\t\t\t\t<\/div>\n\t\t\t\t\t\t\t\t<div class=\"elementor-field-type-textarea elementor-field-group elementor-column elementor-field-group-message elementor-col-100\">\n\t\t\t\t\t\t\t\t\t\t\t\t<label for=\"form-field-message\" class=\"elementor-field-label\">\n\t\t\t\t\t\t\t\tMelding\t\t\t\t\t\t\t<\/label>\n\t\t\t\t\t\t<textarea class=\"elementor-field-textual elementor-field  elementor-size-sm\" name=\"form_fields[message]\" id=\"form-field-message\" rows=\"4\" placeholder=\"Skriv gjerne melding her\"><\/textarea>\t\t\t\t<\/div>\n\t\t\t\t\t\t\t\t<div class=\"elementor-field-group elementor-column elementor-field-type-submit elementor-col-100 e-form__buttons\">\n\t\t\t\t\t<button class=\"elementor-button elementor-size-sm\" type=\"submit\">\n\t\t\t\t\t\t<span class=\"elementor-button-content-wrapper\">\n\t\t\t\t\t\t\t\t\t\t\t\t\t\t\t\t\t\t\t\t\t\t<span class=\"elementor-button-text\">Send<\/span>\n\t\t\t\t\t\t\t\t\t\t\t\t\t<\/span>\n\t\t\t\t\t<\/button>\n\t\t\t\t<\/div>\n\t\t\t<\/div>\n\t\t<\/form>\n\t\t\t\t\t\t<\/div>\n\t\t\t\t<\/div>\n\t\t\t\t\t<\/div>\n\t\t<\/div>\n\t\t\t\t<div class=\"elementor-column elementor-col-50 elementor-top-column elementor-element elementor-element-45ceae8\" data-id=\"45ceae8\" data-element_type=\"column\">\n\t\t\t<div class=\"elementor-widget-wrap elementor-element-populated\">\n\t\t\t\t\t\t<div class=\"elementor-element elementor-element-9ade040 elementor-widget elementor-widget-icon-box\" data-id=\"9ade040\" data-element_type=\"widget\" data-widget_type=\"icon-box.default\">\n\t\t\t\t<div class=\"elementor-widget-container\">\n\t\t\t\t\t\t\t<div class=\"elementor-icon-box-wrapper\">\n\n\t\t\t\n\t\t\t\t\t\t<div class=\"elementor-icon-box-content\">\n\n\t\t\t\t\t\t\t\t\t<h3 class=\"elementor-icon-box-title\">\n\t\t\t\t\t\t<span  >\n\t\t\t\t\t\t\tPOST OG BES\u00d8KSADRESSE\t\t\t\t\t\t<\/span>\n\t\t\t\t\t<\/h3>\n\t\t\t\t\n\t\t\t\t\n\t\t\t<\/div>\n\t\t\t\n\t\t<\/div>\n\t\t\t\t\t\t<\/div>\n\t\t\t\t<\/div>\n\t\t\t\t<div class=\"elementor-element elementor-element-1aaf018 elementor-icon-list--layout-traditional elementor-list-item-link-full_width elementor-widget elementor-widget-icon-list\" data-id=\"1aaf018\" data-element_type=\"widget\" data-widget_type=\"icon-list.default\">\n\t\t\t\t<div class=\"elementor-widget-container\">\n\t\t\t\t\t\t\t<ul class=\"elementor-icon-list-items\">\n\t\t\t\t\t\t\t<li class=\"elementor-icon-list-item\">\n\t\t\t\t\t\t\t\t\t\t\t<a href=\"https:\/\/goo.gl\/maps\/oFK8NWEbLR8gqV3i6\">\n\n\t\t\t\t\t\t\t\t\t\t\t\t<span class=\"elementor-icon-list-icon\">\n\t\t\t\t\t\t\t<i aria-hidden=\"true\" class=\"fas fa-map-marker-alt\"><\/i>\t\t\t\t\t\t<\/span>\n\t\t\t\t\t\t\t\t\t\t<span class=\"elementor-icon-list-text\">34-30 Spikkestad, Helledamsveien 55<\/span>\n\t\t\t\t\t\t\t\t\t\t\t<\/a>\n\t\t\t\t\t\t\t\t\t<\/li>\n\t\t\t\t\t\t\t\t<li class=\"elementor-icon-list-item\">\n\t\t\t\t\t\t\t\t\t\t\t<a href=\"mailto:post@askala.no\">\n\n\t\t\t\t\t\t\t\t\t\t\t\t<span class=\"elementor-icon-list-icon\">\n\t\t\t\t\t\t\t<i aria-hidden=\"true\" class=\"far fa-envelope\"><\/i>\t\t\t\t\t\t<\/span>\n\t\t\t\t\t\t\t\t\t\t<span class=\"elementor-icon-list-text\">post@askala.no<\/span>\n\t\t\t\t\t\t\t\t\t\t\t<\/a>\n\t\t\t\t\t\t\t\t\t<\/li>\n\t\t\t\t\t\t\t\t<li class=\"elementor-icon-list-item\">\n\t\t\t\t\t\t\t\t\t\t\t<a href=\"tel:46565640\">\n\n\t\t\t\t\t\t\t\t\t\t\t\t<span class=\"elementor-icon-list-icon\">\n\t\t\t\t\t\t\t<i aria-hidden=\"true\" class=\"fas fa-phone-alt\"><\/i>\t\t\t\t\t\t<\/span>\n\t\t\t\t\t\t\t\t\t\t<span class=\"elementor-icon-list-text\">46 56 56 40<\/span>\n\t\t\t\t\t\t\t\t\t\t\t<\/a>\n\t\t\t\t\t\t\t\t\t<\/li>\n\t\t\t\t\t\t\t\t<li class=\"elementor-icon-list-item\">\n\t\t\t\t\t\t\t\t\t\t\t<span class=\"elementor-icon-list-icon\">\n\t\t\t\t\t\t\t<i aria-hidden=\"true\" class=\"far fa-file\"><\/i>\t\t\t\t\t\t<\/span>\n\t\t\t\t\t\t\t\t\t\t<span class=\"elementor-icon-list-text\">organisasjonsnummer 924420502<\/span>\n\t\t\t\t\t\t\t\t\t<\/li>\n\t\t\t\t\t\t<\/ul>\n\t\t\t\t\t\t<\/div>\n\t\t\t\t<\/div>\n\t\t\t\t<div class=\"elementor-element elementor-element-c9ed9a9 elementor-widget elementor-widget-google_maps\" data-id=\"c9ed9a9\" data-element_type=\"widget\" data-widget_type=\"google_maps.default\">\n\t\t\t\t<div class=\"elementor-widget-container\">\n\t\t\t\t\t\t\t<div class=\"elementor-custom-embed\">\n\t\t\t<iframe loading=\"lazy\"\n\t\t\t\t\tsrc=\"https:\/\/maps.google.com\/maps?q=%20Helledamsveien%2055&#038;t=m&#038;z=15&#038;output=embed&#038;iwloc=near\"\n\t\t\t\t\ttitle=\" Helledamsveien 55\"\n\t\t\t\t\taria-label=\" Helledamsveien 55\"\n\t\t\t><\/iframe>\n\t\t<\/div>\n\t\t\t\t\t\t<\/div>\n\t\t\t\t<\/div>\n\t\t\t\t\t<\/div>\n\t\t<\/div>\n\t\t\t\t\t<\/div>\n\t\t<\/section>\n\t\t\t\t<\/div>\n\t\t","protected":false},"excerpt":{"rendered":"<p>Om AKALA ARKITEKTUR AS ASKALA ARKITEKTUR AS ble etablert i 2019 av Joanna Domagalska, som ogs\u00e5 er daglig leder og arkitekt med en ekte lidenskap for \u00e5 skape gode rom \u00e5 bo, arbeide og leve i. Minimalisme, b\u00e6rekraft og kvalitet som varer er grunnleggende verdier i v\u00e5rt arbeid. Hvert prosjekt I ASKALA ARKITEKTUR AS utvikles [&hellip;]<\/p>\n","protected":false},"author":1,"featured_media":0,"parent":0,"menu_order":0,"comment_status":"closed","ping_status":"closed","template":"","meta":{"ocean_post_layout":"","ocean_both_sidebars_style":"","ocean_both_sidebars_content_width":0,"ocean_both_sidebars_sidebars_width":0,"ocean_sidebar":"0","ocean_second_sidebar":"0","ocean_disable_margins":"enable","ocean_add_body_class":"","ocean_shortcode_before_top_bar":"","ocean_shortcode_after_top_bar":"","ocean_shortcode_before_header":"","ocean_shortcode_after_header":"","ocean_has_shortcode":"","ocean_shortcode_after_title":"","ocean_shortcode_before_footer_widgets":"","ocean_shortcode_after_footer_widgets":"","ocean_shortcode_before_footer_bottom":"","ocean_shortcode_after_footer_bottom":"","ocean_display_top_bar":"default","ocean_display_header":"default","ocean_header_style":"","ocean_center_header_left_menu":"0","ocean_custom_header_template":"0","ocean_custom_logo":0,"ocean_custom_retina_logo":0,"ocean_custom_logo_max_width":0,"ocean_custom_logo_tablet_max_width":0,"ocean_custom_logo_mobile_max_width":0,"ocean_custom_logo_max_height":0,"ocean_custom_logo_tablet_max_height":0,"ocean_custom_logo_mobile_max_height":0,"ocean_header_custom_menu":"0","ocean_menu_typo_font_family":"0","ocean_menu_typo_font_subset":"","ocean_menu_typo_font_size":0,"ocean_menu_typo_font_size_tablet":0,"ocean_menu_typo_font_size_mobile":0,"ocean_menu_typo_font_size_unit":"px","ocean_menu_typo_font_weight":"","ocean_menu_typo_font_weight_tablet":"","ocean_menu_typo_font_weight_mobile":"","ocean_menu_typo_transform":"","ocean_menu_typo_transform_tablet":"","ocean_menu_typo_transform_mobile":"","ocean_menu_typo_line_height":0,"ocean_menu_typo_line_height_tablet":0,"ocean_menu_typo_line_height_mobile":0,"ocean_menu_typo_line_height_unit":"","ocean_menu_typo_spacing":0,"ocean_menu_typo_spacing_tablet":0,"ocean_menu_typo_spacing_mobile":0,"ocean_menu_typo_spacing_unit":"","ocean_menu_link_color":"","ocean_menu_link_color_hover":"","ocean_menu_link_color_active":"","ocean_menu_link_background":"","ocean_menu_link_hover_background":"","ocean_menu_link_active_background":"","ocean_menu_social_links_bg":"","ocean_menu_social_hover_links_bg":"","ocean_menu_social_links_color":"","ocean_menu_social_hover_links_color":"","ocean_disable_title":"default","ocean_disable_heading":"default","ocean_post_title":"","ocean_post_subheading":"","ocean_post_title_style":"","ocean_post_title_background_color":"","ocean_post_title_background":0,"ocean_post_title_bg_image_position":"","ocean_post_title_bg_image_attachment":"","ocean_post_title_bg_image_repeat":"","ocean_post_title_bg_image_size":"","ocean_post_title_height":0,"ocean_post_title_bg_overlay":0.5,"ocean_post_title_bg_overlay_color":"","ocean_disable_breadcrumbs":"default","ocean_breadcrumbs_color":"","ocean_breadcrumbs_separator_color":"","ocean_breadcrumbs_links_color":"","ocean_breadcrumbs_links_hover_color":"","ocean_display_footer_widgets":"default","ocean_display_footer_bottom":"default","ocean_custom_footer_template":"0","footnotes":""},"class_list":["post-596","page","type-page","status-publish","hentry","entry"],"yoast_head":"<!-- This site is optimized with the Yoast SEO plugin v26.1.1 - https:\/\/yoast.com\/wordpress\/plugins\/seo\/ -->\n<title>Om | Askala Arkitektur AS<\/title>\n<meta name=\"robots\" content=\"index, follow, max-snippet:-1, max-image-preview:large, max-video-preview:-1\" \/>\n<link rel=\"canonical\" href=\"https:\/\/askala.no\/index.php\/om\/\" \/>\n<meta property=\"og:locale\" content=\"en_US\" \/>\n<meta property=\"og:type\" content=\"article\" \/>\n<meta property=\"og:title\" content=\"Om | Askala Arkitektur AS\" \/>\n<meta property=\"og:description\" content=\"Om AKALA ARKITEKTUR AS ASKALA ARKITEKTUR AS ble etablert i 2019 av Joanna Domagalska, som ogs\u00e5 er daglig leder og arkitekt med en ekte lidenskap for \u00e5 skape gode rom \u00e5 bo, arbeide og leve i. Minimalisme, b\u00e6rekraft og kvalitet som varer er grunnleggende verdier i v\u00e5rt arbeid. Hvert prosjekt I ASKALA ARKITEKTUR AS utvikles [&hellip;]\" \/>\n<meta property=\"og:url\" content=\"https:\/\/askala.no\/index.php\/om\/\" \/>\n<meta property=\"og:site_name\" content=\"Askala Arkitektur AS\" \/>\n<meta property=\"article:modified_time\" content=\"2025-10-10T12:26:15+00:00\" \/>\n<meta property=\"og:image\" content=\"http:\/\/askala.no\/wp-content\/uploads\/2025\/10\/JD-bilde-rundt.png\" \/>\n<meta name=\"twitter:card\" content=\"summary_large_image\" \/>\n<meta name=\"twitter:label1\" content=\"Est. reading time\" \/>\n\t<meta name=\"twitter:data1\" content=\"1 minute\" \/>\n<script type=\"application\/ld+json\" class=\"yoast-schema-graph\">{\"@context\":\"https:\/\/schema.org\",\"@graph\":[{\"@type\":\"WebPage\",\"@id\":\"https:\/\/askala.no\/index.php\/om\/\",\"url\":\"https:\/\/askala.no\/index.php\/om\/\",\"name\":\"Om | Askala Arkitektur AS\",\"isPartOf\":{\"@id\":\"https:\/\/askala.no\/#website\"},\"primaryImageOfPage\":{\"@id\":\"https:\/\/askala.no\/index.php\/om\/#primaryimage\"},\"image\":{\"@id\":\"https:\/\/askala.no\/index.php\/om\/#primaryimage\"},\"thumbnailUrl\":\"http:\/\/askala.no\/wp-content\/uploads\/2025\/10\/JD-bilde-rundt.png\",\"datePublished\":\"2021-03-18T14:35:59+00:00\",\"dateModified\":\"2025-10-10T12:26:15+00:00\",\"breadcrumb\":{\"@id\":\"https:\/\/askala.no\/index.php\/om\/#breadcrumb\"},\"inLanguage\":\"en-US\",\"potentialAction\":[{\"@type\":\"ReadAction\",\"target\":[\"https:\/\/askala.no\/index.php\/om\/\"]}]},{\"@type\":\"ImageObject\",\"inLanguage\":\"en-US\",\"@id\":\"https:\/\/askala.no\/index.php\/om\/#primaryimage\",\"url\":\"https:\/\/askala.no\/wp-content\/uploads\/2025\/10\/JD-bilde-rundt.png\",\"contentUrl\":\"https:\/\/askala.no\/wp-content\/uploads\/2025\/10\/JD-bilde-rundt.png\",\"width\":1024,\"height\":1536},{\"@type\":\"BreadcrumbList\",\"@id\":\"https:\/\/askala.no\/index.php\/om\/#breadcrumb\",\"itemListElement\":[{\"@type\":\"ListItem\",\"position\":1,\"name\":\"Home\",\"item\":\"https:\/\/askala.no\/\"},{\"@type\":\"ListItem\",\"position\":2,\"name\":\"Om\"}]},{\"@type\":\"WebSite\",\"@id\":\"https:\/\/askala.no\/#website\",\"url\":\"https:\/\/askala.no\/\",\"name\":\"Askala Arkitektur AS\",\"description\":\"Arkitekt\",\"publisher\":{\"@id\":\"https:\/\/askala.no\/#organization\"},\"potentialAction\":[{\"@type\":\"SearchAction\",\"target\":{\"@type\":\"EntryPoint\",\"urlTemplate\":\"https:\/\/askala.no\/?s={search_term_string}\"},\"query-input\":{\"@type\":\"PropertyValueSpecification\",\"valueRequired\":true,\"valueName\":\"search_term_string\"}}],\"inLanguage\":\"en-US\"},{\"@type\":\"Organization\",\"@id\":\"https:\/\/askala.no\/#organization\",\"name\":\"Askala Arkitektur AS\",\"url\":\"https:\/\/askala.no\/\",\"logo\":{\"@type\":\"ImageObject\",\"inLanguage\":\"en-US\",\"@id\":\"https:\/\/askala.no\/#\/schema\/logo\/image\/\",\"url\":\"\",\"contentUrl\":\"\",\"caption\":\"Askala Arkitektur AS\"},\"image\":{\"@id\":\"https:\/\/askala.no\/#\/schema\/logo\/image\/\"}}]}<\/script>\n<!-- \/ Yoast SEO plugin. -->","yoast_head_json":{"title":"Om | Askala Arkitektur AS","robots":{"index":"index","follow":"follow","max-snippet":"max-snippet:-1","max-image-preview":"max-image-preview:large","max-video-preview":"max-video-preview:-1"},"canonical":"https:\/\/askala.no\/index.php\/om\/","og_locale":"en_US","og_type":"article","og_title":"Om | Askala Arkitektur AS","og_description":"Om AKALA ARKITEKTUR AS ASKALA ARKITEKTUR AS ble etablert i 2019 av Joanna Domagalska, som ogs\u00e5 er daglig leder og arkitekt med en ekte lidenskap for \u00e5 skape gode rom \u00e5 bo, arbeide og leve i. Minimalisme, b\u00e6rekraft og kvalitet som varer er grunnleggende verdier i v\u00e5rt arbeid. Hvert prosjekt I ASKALA ARKITEKTUR AS utvikles [&hellip;]","og_url":"https:\/\/askala.no\/index.php\/om\/","og_site_name":"Askala Arkitektur AS","article_modified_time":"2025-10-10T12:26:15+00:00","og_image":[{"url":"http:\/\/askala.no\/wp-content\/uploads\/2025\/10\/JD-bilde-rundt.png","type":"","width":"","height":""}],"twitter_card":"summary_large_image","twitter_misc":{"Est. reading time":"1 minute"},"schema":{"@context":"https:\/\/schema.org","@graph":[{"@type":"WebPage","@id":"https:\/\/askala.no\/index.php\/om\/","url":"https:\/\/askala.no\/index.php\/om\/","name":"Om | Askala Arkitektur AS","isPartOf":{"@id":"https:\/\/askala.no\/#website"},"primaryImageOfPage":{"@id":"https:\/\/askala.no\/index.php\/om\/#primaryimage"},"image":{"@id":"https:\/\/askala.no\/index.php\/om\/#primaryimage"},"thumbnailUrl":"http:\/\/askala.no\/wp-content\/uploads\/2025\/10\/JD-bilde-rundt.png","datePublished":"2021-03-18T14:35:59+00:00","dateModified":"2025-10-10T12:26:15+00:00","breadcrumb":{"@id":"https:\/\/askala.no\/index.php\/om\/#breadcrumb"},"inLanguage":"en-US","potentialAction":[{"@type":"ReadAction","target":["https:\/\/askala.no\/index.php\/om\/"]}]},{"@type":"ImageObject","inLanguage":"en-US","@id":"https:\/\/askala.no\/index.php\/om\/#primaryimage","url":"https:\/\/askala.no\/wp-content\/uploads\/2025\/10\/JD-bilde-rundt.png","contentUrl":"https:\/\/askala.no\/wp-content\/uploads\/2025\/10\/JD-bilde-rundt.png","width":1024,"height":1536},{"@type":"BreadcrumbList","@id":"https:\/\/askala.no\/index.php\/om\/#breadcrumb","itemListElement":[{"@type":"ListItem","position":1,"name":"Home","item":"https:\/\/askala.no\/"},{"@type":"ListItem","position":2,"name":"Om"}]},{"@type":"WebSite","@id":"https:\/\/askala.no\/#website","url":"https:\/\/askala.no\/","name":"Askala Arkitektur AS","description":"Arkitekt","publisher":{"@id":"https:\/\/askala.no\/#organization"},"potentialAction":[{"@type":"SearchAction","target":{"@type":"EntryPoint","urlTemplate":"https:\/\/askala.no\/?s={search_term_string}"},"query-input":{"@type":"PropertyValueSpecification","valueRequired":true,"valueName":"search_term_string"}}],"inLanguage":"en-US"},{"@type":"Organization","@id":"https:\/\/askala.no\/#organization","name":"Askala Arkitektur AS","url":"https:\/\/askala.no\/","logo":{"@type":"ImageObject","inLanguage":"en-US","@id":"https:\/\/askala.no\/#\/schema\/logo\/image\/","url":"","contentUrl":"","caption":"Askala Arkitektur AS"},"image":{"@id":"https:\/\/askala.no\/#\/schema\/logo\/image\/"}}]}},"_links":{"self":[{"href":"https:\/\/askala.no\/index.php\/wp-json\/wp\/v2\/pages\/596","targetHints":{"allow":["GET"]}}],"collection":[{"href":"https:\/\/askala.no\/index.php\/wp-json\/wp\/v2\/pages"}],"about":[{"href":"https:\/\/askala.no\/index.php\/wp-json\/wp\/v2\/types\/page"}],"author":[{"embeddable":true,"href":"https:\/\/askala.no\/index.php\/wp-json\/wp\/v2\/users\/1"}],"replies":[{"embeddable":true,"href":"https:\/\/askala.no\/index.php\/wp-json\/wp\/v2\/comments?post=596"}],"version-history":[{"count":76,"href":"https:\/\/askala.no\/index.php\/wp-json\/wp\/v2\/pages\/596\/revisions"}],"predecessor-version":[{"id":1283,"href":"https:\/\/askala.no\/index.php\/wp-json\/wp\/v2\/pages\/596\/revisions\/1283"}],"wp:attachment":[{"href":"https:\/\/askala.no\/index.php\/wp-json\/wp\/v2\/media?parent=596"}],"curies":[{"name":"wp","href":"https:\/\/api.w.org\/{rel}","templated":true}]}}